{"id":1763,"date":"2024-01-25T10:16:48","date_gmt":"2024-01-25T09:16:48","guid":{"rendered":"http:\/\/campingcugnana.it\/unterkunfts-und-reservierungkonditionen\/"},"modified":"2026-02-07T12:22:22","modified_gmt":"2026-02-07T11:22:22","slug":"unterkunfts-und-reservierungkonditionen","status":"publish","type":"page","link":"https:\/\/campingcugnana.it\/de\/unterkunfts-und-reservierungkonditionen\/","title":{"rendered":"Unterkunfts und reservierungkonditionen"},"content":{"rendered":"<section class=\"l-section wpb_row us_custom_ba4a9a8e has_text_color height_medium with_shape\"><div class=\"l-section-shape type_curve pos_bottom\" style=\"height:12vmin;\"><svg xmlns=\"http:\/\/www.w3.org\/2000\/svg\" viewBox=\"0 0 64 8\" preserveAspectRatio=\"none\" width=\"100%\" height=\"100%\">\r\n\t<path fill=\"currentColor\" d=\"M64 8 L64 0 Q32 15.8 0 0 L0 8 Z\"\/>\r\n<\/svg><\/div><div class=\"l-section-h i-cf\"><div class=\"g-cols vc_row via_grid cols_1 laptops-cols_inherit tablets-cols_inherit mobiles-cols_1 valign_top type_default stacking_default\"><div class=\"wpb_column vc_column_container\"><div class=\"vc_column-inner\"><div class=\"wpb_text_column us_custom_7cdf484d\"><div class=\"wpb_wrapper\"><h1><strong>UNTERKUNFTS UND RESERVIERUNGKONDITIONEN<\/strong><\/h1>\n<\/div><\/div><div class=\"wpb_text_column us_custom_26f73324\"><div class=\"wpb_wrapper\"><h2>Camping Bungalows Cugnana Portorotondo<\/h2>\n<\/div><\/div><\/div><\/div><\/div><\/div><\/section><section class=\"l-section wpb_row height_medium\"><div class=\"l-section-h i-cf\"><div class=\"g-cols vc_row via_grid cols_1 laptops-cols_inherit tablets-cols_inherit mobiles-cols_1 valign_top type_default stacking_default\"><div class=\"wpb_column vc_column_container\"><div class=\"vc_column-inner\"><div class=\"wpb_text_column\"><div class=\"wpb_wrapper\"><p><strong>1) RESERVIERUNGEN UND RECHNUNGSBEGLEICHUNG<\/strong><br \/>Gerne konnen Sie direkte www.campingcugnana.it\u00a0<\/p>\n<p><strong>2) STORNERUNGEN<\/strong><\/p>\n<p id=\"tw-target-text\" class=\"tw-data-text tw-text-large tw-ta\" dir=\"ltr\" data-placeholder=\"Traduzione\" data-ved=\"2ahUKEwiI-qrXpKeLAxVVgf0HHdfWF3oQ3ewLegQIBxAU\" aria-label=\"Testo tradotto: 100 % R\u00fcckerstattung bei Stornierung 7 Tage vor Anreise bei Kreditkartenbuchungen. F\u00fcr R\u00fcckerstattungen per Bank\u00fcberweisung fallen m\u00f6glicherweise Bearbeitungsgeb\u00fchren an. Der Reservierungspreis mit der Formel \u201ekeine R\u00fcckerstattung\u201c ist nicht erstattungsf\u00e4hig.\"><span class=\"Y2IQFc\" lang=\"de\">100 % R\u00fcckerstattung bei Stornierung 7 Tage vor Anreise bei Kreditkartenbuchungen. F\u00fcr R\u00fcckerstattungen per Bank\u00fcberweisung fallen m\u00f6glicherweise Bearbeitungsgeb\u00fchren an. Der Reservierungspreis mit der Formel \u201ekeine R\u00fcckerstattung\u201c ist nicht erstattungsf\u00e4hig.<\/span>Die Reservierung \u201cJetz bezahlen\u201d wird nicht zurucherstattet.<\/p>\n<p><strong>3) KAUTION<\/strong><br \/>Am Ankunfstag ist bei Schlusselubergabe eine Kaution von Euro 200,00 (einzimmerwohnung) Zu hinterlegen. Diese wird am Abreisetag zuruckgegeben, solltenkeine Beschadigungen des Zimmers oder der Einrichtung verusacht worden sein.<\/p>\n<p><strong>4) FERIENVERZICHT<\/strong><br \/>Im fallader verzichten Beendigung des Aufenthalthes, besteht kein Recht auf Rucherstattung. An Berdem muss der Gesambetrag beglichenwordensein.<\/p>\n<p><strong>5) PERSONEANZHAL<\/strong><br \/>Es ist nicht gestattet, dass sich die, bei Reservierung bekanntgegebene Anzhal un der Personen wuhrend des Ferienaufen \u2013thaltes. Dies bedarf einer Genehmigung der Direktion.<\/p>\n<p><strong>6) ZUTEILUNG DER JEWEILIGEN UNTERKUNFT<\/strong><br \/>Ausschliesslich der Direktion ist Die Aufgabe zugeiesen, die jeweilige Unterkunftszuteilung die Kunden vorzunehmen, etwaige Variationen bedurfen einer Genehmigung.<\/p>\n<p><strong>7) ORDNUNGS-REINIGUNGS \u2013 UND AUSSTATTUNGSREGELUNG<\/strong><br \/>Bungalows will be given in order and cleaned. Customers will leave them in the same order and state so that they can be prepared for the next customers. Besides the equipment of the bungalow you will be given weekly cleaned bed-sheets. Bath towels can be booked at reservation,bath towels renewals request comes at Euro 10.00 for each set.<\/p>\n<p><strong>8) ANKUNFT UND ABREISE<\/strong>:<br \/>Einzimmerwohnungen konnen am jeweiligen Ankunftstag ab 17,00 Uhr bezogen werden. Fur den Abreisetag ist die Ubegabe un 10,00 Uhr vorgesehen. Im campingbereich ist der Fereinnatritt ab 12,00 Uhr festgelegt. Die Abreise muss um Jeweiligen Abreisetag bis 12,00Uhr erfolgen.<\/p>\n<p><strong>9) NO SHOW \u2013 NICHTANKUNFT<\/strong><br \/>Im falle einer Nichtankunft, ist unseren Gasten die jeweils reserviertc Unterkunft fur Einen weiteren Tag gesichert. Anderungen des Ankunftstages mussen uns mit reichendem Bekanntgegeben werden, um den Aufentalt garantieren zu Konnen.<\/p>\n<p><strong>10) MINDESTAUFENTHALT<\/strong><br \/>F\u00fcr Bungalowmieten kann ein Mindestaufenthalt erforderlich sein.<\/p>\n<p><strong>11) 4 BEINIGE-FREUNDE<\/strong><br \/>Ihre verbeinigen Freunde sind bei uns jederzeit und ohne jegliche Kosten willkommen Geheissene Gaste. Aus Sicherhesitsgrunden behalten wir uns jedoch vor den Zugang Nachfolgender Rassen gesondert zu prufen and zu genehmign:<br \/>Pitbull \u2013 Rottweiler \u2013 Dobermann \u2013 Deutsch sheperd.<\/p>\n<p><strong>ZAHLUNG MIT KREDIT KARTE (keinen American Express und Diners).<\/strong><\/p>\n<\/div><\/div><\/div><\/div><\/div><\/div><\/section>\n","protected":false},"excerpt":{"rendered":"UNTERKUNFTS UND RESERVIERUNGKONDITIONEN Camping Bungalows Cugnana Portorotondo 1) RESERVIERUNGEN UND RECHNUNGSBEGLEICHUNGGerne konnen Sie direkte www.campingcugnana.it\u00a0 2) STORNERUNGEN 100 % R\u00fcckerstattung bei Stornierung 7 Tage vor Anreise bei Kreditkartenbuchungen. F\u00fcr R\u00fcckerstattungen per Bank\u00fcberweisung fallen m\u00f6glicherweise Bearbeitungsgeb\u00fchren an. Der Reservierungspreis mit der Formel \u201ekeine R\u00fcckerstattung\u201c ist nicht erstattungsf\u00e4hig.Die Reservierung \u201cJetz bezahlen\u201d wird nicht zurucherstattet. 3) KAUTIONAm Ankunfstag...","protected":false},"author":1,"featured_media":0,"parent":0,"menu_order":0,"comment_status":"closed","ping_status":"closed","template":"","meta":{"footnotes":""},"yoast_head":"<!-- This site is optimized with the Yoast SEO plugin v21.5 - https:\/\/yoast.com\/wordpress\/plugins\/seo\/ -->\n<title>Camping Cugnana Portorotondo | Unterkunfts und reservierungkonditionen<\/title>\n<meta name=\"robots\" content=\"index, follow, max-snippet:-1, max-image-preview:large, max-video-preview:-1\" \/>\n<link rel=\"canonical\" href=\"https:\/\/campingcugnana.it\/de\/unterkunfts-und-reservierungkonditionen\/\" \/>\n<meta property=\"og:locale\" content=\"de_DE\" \/>\n<meta property=\"og:type\" content=\"article\" \/>\n<meta property=\"og:title\" content=\"Camping Cugnana Portorotondo | Unterkunfts und reservierungkonditionen\" \/>\n<meta property=\"og:url\" content=\"https:\/\/campingcugnana.it\/de\/unterkunfts-und-reservierungkonditionen\/\" \/>\n<meta property=\"og:site_name\" content=\"Camping Cugnana Portorotondo\" \/>\n<meta property=\"article:publisher\" content=\"https:\/\/www.facebook.com\/cugnanaportorotondo\" \/>\n<meta property=\"article:modified_time\" content=\"2026-02-07T11:22:22+00:00\" \/>\n<meta property=\"og:image\" content=\"https:\/\/campingcugnana.it\/wp-content\/uploads\/2023\/11\/camping-cugnana-portorotondo-sardegna-logo.png\" \/>\n\t<meta property=\"og:image:width\" content=\"300\" \/>\n\t<meta property=\"og:image:height\" content=\"145\" \/>\n\t<meta property=\"og:image:type\" content=\"image\/png\" \/>\n<meta name=\"twitter:card\" content=\"summary_large_image\" \/>\n<meta name=\"twitter:label1\" content=\"Gesch\u00e4tzte Lesezeit\" \/>\n\t<meta name=\"twitter:data1\" content=\"2\u00a0Minuten\" \/>\n<script type=\"application\/ld+json\" class=\"yoast-schema-graph\">{\"@context\":\"https:\/\/schema.org\",\"@graph\":[{\"@type\":\"WebPage\",\"@id\":\"https:\/\/campingcugnana.it\/de\/unterkunfts-und-reservierungkonditionen\/\",\"url\":\"https:\/\/campingcugnana.it\/de\/unterkunfts-und-reservierungkonditionen\/\",\"name\":\"Camping Cugnana Portorotondo | Unterkunfts und reservierungkonditionen\",\"isPartOf\":{\"@id\":\"https:\/\/campingcugnana.it\/de\/#website\"},\"datePublished\":\"2024-01-25T09:16:48+00:00\",\"dateModified\":\"2026-02-07T11:22:22+00:00\",\"breadcrumb\":{\"@id\":\"https:\/\/campingcugnana.it\/de\/unterkunfts-und-reservierungkonditionen\/#breadcrumb\"},\"inLanguage\":\"de\",\"potentialAction\":[{\"@type\":\"ReadAction\",\"target\":[\"https:\/\/campingcugnana.it\/de\/unterkunfts-und-reservierungkonditionen\/\"]}]},{\"@type\":\"BreadcrumbList\",\"@id\":\"https:\/\/campingcugnana.it\/de\/unterkunfts-und-reservierungkonditionen\/#breadcrumb\",\"itemListElement\":[{\"@type\":\"ListItem\",\"position\":1,\"name\":\"Home\",\"item\":\"https:\/\/campingcugnana.it\/de\/\"},{\"@type\":\"ListItem\",\"position\":2,\"name\":\"Unterkunfts und reservierungkonditionen\"}]},{\"@type\":\"WebSite\",\"@id\":\"https:\/\/campingcugnana.it\/de\/#website\",\"url\":\"https:\/\/campingcugnana.it\/de\/\",\"name\":\"Camping Cugnana Portorotondo\",\"description\":\"Camping Cugnana Portorotondo, Camping e Bungalows in Costa Smeralda Sardegna Italy\",\"publisher\":{\"@id\":\"https:\/\/campingcugnana.it\/de\/#organization\"},\"alternateName\":\"Camping e Bungalows in Costa Smeralda\",\"potentialAction\":[{\"@type\":\"SearchAction\",\"target\":{\"@type\":\"EntryPoint\",\"urlTemplate\":\"https:\/\/campingcugnana.it\/de\/?s={search_term_string}\"},\"query-input\":\"required name=search_term_string\"}],\"inLanguage\":\"de\"},{\"@type\":\"Organization\",\"@id\":\"https:\/\/campingcugnana.it\/de\/#organization\",\"name\":\"Camping Cugnana Portorotondo\",\"alternateName\":\"Camping e Bungalows in Costa Smeralda\",\"url\":\"https:\/\/campingcugnana.it\/de\/\",\"logo\":{\"@type\":\"ImageObject\",\"inLanguage\":\"de\",\"@id\":\"https:\/\/campingcugnana.it\/de\/#\/schema\/logo\/image\/\",\"url\":\"https:\/\/campingcugnana.it\/wp-content\/uploads\/2023\/11\/camping-cugnana-portorotondo-sardegna-logo.png\",\"contentUrl\":\"https:\/\/campingcugnana.it\/wp-content\/uploads\/2023\/11\/camping-cugnana-portorotondo-sardegna-logo.png\",\"width\":300,\"height\":145,\"caption\":\"Camping Cugnana Portorotondo\"},\"image\":{\"@id\":\"https:\/\/campingcugnana.it\/de\/#\/schema\/logo\/image\/\"},\"sameAs\":[\"https:\/\/www.facebook.com\/cugnanaportorotondo\",\"https:\/\/www.instagram.com\/cugnanaportorotondo\/\"]}]}<\/script>\n<!-- \/ Yoast SEO plugin. -->","yoast_head_json":{"title":"Camping Cugnana Portorotondo | Unterkunfts und reservierungkonditionen","robots":{"index":"index","follow":"follow","max-snippet":"max-snippet:-1","max-image-preview":"max-image-preview:large","max-video-preview":"max-video-preview:-1"},"canonical":"https:\/\/campingcugnana.it\/de\/unterkunfts-und-reservierungkonditionen\/","og_locale":"de_DE","og_type":"article","og_title":"Camping Cugnana Portorotondo | Unterkunfts und reservierungkonditionen","og_url":"https:\/\/campingcugnana.it\/de\/unterkunfts-und-reservierungkonditionen\/","og_site_name":"Camping Cugnana Portorotondo","article_publisher":"https:\/\/www.facebook.com\/cugnanaportorotondo","article_modified_time":"2026-02-07T11:22:22+00:00","og_image":[{"width":300,"height":145,"url":"https:\/\/campingcugnana.it\/wp-content\/uploads\/2023\/11\/camping-cugnana-portorotondo-sardegna-logo.png","type":"image\/png"}],"twitter_card":"summary_large_image","twitter_misc":{"Gesch\u00e4tzte Lesezeit":"2\u00a0Minuten"},"schema":{"@context":"https:\/\/schema.org","@graph":[{"@type":"WebPage","@id":"https:\/\/campingcugnana.it\/de\/unterkunfts-und-reservierungkonditionen\/","url":"https:\/\/campingcugnana.it\/de\/unterkunfts-und-reservierungkonditionen\/","name":"Camping Cugnana Portorotondo | Unterkunfts und reservierungkonditionen","isPartOf":{"@id":"https:\/\/campingcugnana.it\/de\/#website"},"datePublished":"2024-01-25T09:16:48+00:00","dateModified":"2026-02-07T11:22:22+00:00","breadcrumb":{"@id":"https:\/\/campingcugnana.it\/de\/unterkunfts-und-reservierungkonditionen\/#breadcrumb"},"inLanguage":"de","potentialAction":[{"@type":"ReadAction","target":["https:\/\/campingcugnana.it\/de\/unterkunfts-und-reservierungkonditionen\/"]}]},{"@type":"BreadcrumbList","@id":"https:\/\/campingcugnana.it\/de\/unterkunfts-und-reservierungkonditionen\/#breadcrumb","itemListElement":[{"@type":"ListItem","position":1,"name":"Home","item":"https:\/\/campingcugnana.it\/de\/"},{"@type":"ListItem","position":2,"name":"Unterkunfts und reservierungkonditionen"}]},{"@type":"WebSite","@id":"https:\/\/campingcugnana.it\/de\/#website","url":"https:\/\/campingcugnana.it\/de\/","name":"Camping Cugnana Portorotondo","description":"Camping Cugnana Portorotondo, Camping e Bungalows in Costa Smeralda Sardegna Italy","publisher":{"@id":"https:\/\/campingcugnana.it\/de\/#organization"},"alternateName":"Camping e Bungalows in Costa Smeralda","potentialAction":[{"@type":"SearchAction","target":{"@type":"EntryPoint","urlTemplate":"https:\/\/campingcugnana.it\/de\/?s={search_term_string}"},"query-input":"required name=search_term_string"}],"inLanguage":"de"},{"@type":"Organization","@id":"https:\/\/campingcugnana.it\/de\/#organization","name":"Camping Cugnana Portorotondo","alternateName":"Camping e Bungalows in Costa Smeralda","url":"https:\/\/campingcugnana.it\/de\/","logo":{"@type":"ImageObject","inLanguage":"de","@id":"https:\/\/campingcugnana.it\/de\/#\/schema\/logo\/image\/","url":"https:\/\/campingcugnana.it\/wp-content\/uploads\/2023\/11\/camping-cugnana-portorotondo-sardegna-logo.png","contentUrl":"https:\/\/campingcugnana.it\/wp-content\/uploads\/2023\/11\/camping-cugnana-portorotondo-sardegna-logo.png","width":300,"height":145,"caption":"Camping Cugnana Portorotondo"},"image":{"@id":"https:\/\/campingcugnana.it\/de\/#\/schema\/logo\/image\/"},"sameAs":["https:\/\/www.facebook.com\/cugnanaportorotondo","https:\/\/www.instagram.com\/cugnanaportorotondo\/"]}]}},"_links":{"self":[{"href":"https:\/\/campingcugnana.it\/de\/wp-json\/wp\/v2\/pages\/1763"}],"collection":[{"href":"https:\/\/campingcugnana.it\/de\/wp-json\/wp\/v2\/pages"}],"about":[{"href":"https:\/\/campingcugnana.it\/de\/wp-json\/wp\/v2\/types\/page"}],"author":[{"embeddable":true,"href":"https:\/\/campingcugnana.it\/de\/wp-json\/wp\/v2\/users\/1"}],"replies":[{"embeddable":true,"href":"https:\/\/campingcugnana.it\/de\/wp-json\/wp\/v2\/comments?post=1763"}],"version-history":[{"count":5,"href":"https:\/\/campingcugnana.it\/de\/wp-json\/wp\/v2\/pages\/1763\/revisions"}],"predecessor-version":[{"id":2295,"href":"https:\/\/campingcugnana.it\/de\/wp-json\/wp\/v2\/pages\/1763\/revisions\/2295"}],"wp:attachment":[{"href":"https:\/\/campingcugnana.it\/de\/wp-json\/wp\/v2\/media?parent=1763"}],"curies":[{"name":"wp","href":"https:\/\/api.w.org\/{rel}","templated":true}]}}