{"id":1784,"date":"2024-01-25T14:06:16","date_gmt":"2024-01-25T13:06:16","guid":{"rendered":"http:\/\/campingcugnana.it\/stellplatze-camping-costa-smeralda\/"},"modified":"2024-02-06T13:49:22","modified_gmt":"2024-02-06T12:49:22","slug":"stellplatze-camping-costa-smeralda","status":"publish","type":"page","link":"https:\/\/campingcugnana.it\/de\/stellplatze-camping-costa-smeralda\/","title":{"rendered":"Stellpl\u00e4tze"},"content":{"rendered":"<section class=\"l-section wpb_row us_custom_eaa07005 has_text_color height_medium with_shape\"><div class=\"l-section-overlay\" style=\"background:linear-gradient(360deg,rgba(15,19,31,0.10),rgba(17,20,33,0.60))\"><\/div><div class=\"l-section-shape type_curve pos_bottom\" style=\"height:12vmin;\"><svg xmlns=\"http:\/\/www.w3.org\/2000\/svg\" viewBox=\"0 0 64 8\" preserveAspectRatio=\"none\" width=\"100%\" height=\"100%\">\r\n\t<path fill=\"currentColor\" d=\"M64 8 L64 0 Q32 15.8 0 0 L0 8 Z\"\/>\r\n<\/svg><\/div><div class=\"l-section-h i-cf\"><div class=\"g-cols vc_row via_grid cols_1 laptops-cols_inherit tablets-cols_inherit mobiles-cols_1 valign_top type_default stacking_default\"><div class=\"wpb_column vc_column_container\"><div class=\"vc_column-inner\"><div class=\"ult-spacer spacer-69dc348e4ab90\" data-id=\"69dc348e4ab90\" data-height=\"300\" data-height-mobile=\"300\" data-height-tab=\"300\" data-height-tab-portrait=\"\" data-height-mobile-landscape=\"\" style=\"clear:both;display:block;\"><\/div><h1 class=\"w-text us_custom_ce6c584f has_text_color\"><span class=\"w-text-h\"><span class=\"w-text-value\">Stellpl\u00e4tze<\/span><\/span><\/h1><h2 class=\"w-text us_custom_965b09cc has_text_color\"><span class=\"w-text-h\"><span class=\"w-text-value\">an der Costa Smeralda<\/span><\/span><\/h2><div class=\"ult-spacer spacer-69dc348e4adf3\" data-id=\"69dc348e4adf3\" data-height=\"70\" data-height-mobile=\"70\" data-height-tab=\"70\" data-height-tab-portrait=\"\" data-height-mobile-landscape=\"\" style=\"clear:both;display:block;\"><\/div><\/div><\/div><\/div><\/div><\/section><section class=\"l-section wpb_row height_medium\"><div class=\"l-section-h i-cf\"><div class=\"g-cols vc_row via_grid cols_1 laptops-cols_inherit tablets-cols_inherit mobiles-cols_1 valign_top type_default stacking_default\"><div class=\"wpb_column vc_column_container\"><div class=\"vc_column-inner\"><div class=\"ult-spacer spacer-69dc348e4b2df\" data-id=\"69dc348e4b2df\" data-height=\"0\" data-height-mobile=\"10\" data-height-tab=\"10\" data-height-tab-portrait=\"10\" data-height-mobile-landscape=\"10\" style=\"clear:both;display:block;\"><\/div><\/div><\/div><\/div><\/div><\/section><section class=\"l-section wpb_row us_custom_95496728 has_text_color height_small\"><div class=\"l-section-h i-cf\"><div class=\"g-cols vc_row via_grid cols_4 laptops-cols_inherit tablets-cols_inherit mobiles-cols_1 valign_bottom type_default stacking_default\"><div class=\"wpb_column vc_column_container us_custom_f4319cb2 has_bg_color\"><div class=\"vc_column-inner\"><div class=\"ult-spacer spacer-69dc348e4b642\" data-id=\"69dc348e4b642\" data-height=\"40\" data-height-mobile=\"20\" data-height-tab=\"\" data-height-tab-portrait=\"\" data-height-mobile-landscape=\"\" style=\"clear:both;display:block;\"><\/div><div class=\"w-iconbox iconpos_left style_outlined color_custom align_left no_text no_title\"><div class=\"w-iconbox-icon\" style=\"font-size:1.5rem;--icon-color:var(--color-content-bg);--icon-bg-color:var(--color-content-bg);\"><i class=\"fas fa-campground\"><\/i><\/div><div class=\"w-iconbox-meta\"><\/div><\/div><div class=\"ult-spacer spacer-69dc348e4b81c\" data-id=\"69dc348e4b81c\" data-height=\"40\" data-height-mobile=\"40\" data-height-tab=\"40\" data-height-tab-portrait=\"\" data-height-mobile-landscape=\"\" style=\"clear:both;display:block;\"><\/div><h2 class=\"w-text us_custom_d9b06946 has_text_color\"><span class=\"w-text-h\"><span class=\"w-text-value\">Stellpl\u00e4tze f\u00fcr Zelte<\/span><\/span><\/h2><div class=\"wpb_text_column\"><div class=\"wpb_wrapper\"><p><strong>max 6 Personen<\/strong><\/p>\n<\/div><\/div><div class=\"ult-spacer spacer-69dc348e4bbae\" data-id=\"69dc348e4bbae\" data-height=\"20\" data-height-mobile=\"20\" data-height-tab=\"20\" data-height-tab-portrait=\"\" data-height-mobile-landscape=\"\" style=\"clear:both;display:block;\"><\/div><\/div><\/div><div class=\"wpb_column vc_column_container us_custom_0db20381 has_bg_color\"><div class=\"vc_column-inner\"><div class=\"ult-spacer spacer-69dc348e4bcce\" data-id=\"69dc348e4bcce\" data-height=\"40\" data-height-mobile=\"20\" data-height-tab=\"\" data-height-tab-portrait=\"\" data-height-mobile-landscape=\"\" style=\"clear:both;display:block;\"><\/div><div class=\"w-iconbox iconpos_left style_outlined color_custom align_left no_text no_title\"><div class=\"w-iconbox-icon\" style=\"font-size:1.5rem;--icon-color:var(--color-content-bg);--icon-bg-color:var(--color-content-bg);\"><i class=\"fas fa-caravan\"><\/i><\/div><div class=\"w-iconbox-meta\"><\/div><\/div><div class=\"ult-spacer spacer-69dc348e4bd7c\" data-id=\"69dc348e4bd7c\" data-height=\"40\" data-height-mobile=\"40\" data-height-tab=\"40\" data-height-tab-portrait=\"\" data-height-mobile-landscape=\"\" style=\"clear:both;display:block;\"><\/div><h2 class=\"w-text us_custom_d9b06946 has_text_color\"><span class=\"w-text-h\"><span class=\"w-text-value\">Stellpl\u00e4tze Wohnwagen<\/span><\/span><\/h2><div class=\"wpb_text_column\"><div class=\"wpb_wrapper\"><p><strong>max 4 Personen<\/strong><\/p>\n<\/div><\/div><div class=\"ult-spacer spacer-69dc348e4bfd5\" data-id=\"69dc348e4bfd5\" data-height=\"20\" data-height-mobile=\"20\" data-height-tab=\"20\" data-height-tab-portrait=\"\" data-height-mobile-landscape=\"\" style=\"clear:both;display:block;\"><\/div><\/div><\/div><div class=\"wpb_column vc_column_container us_custom_9ccc05f2 has_bg_color\"><div class=\"vc_column-inner\"><div class=\"ult-spacer spacer-69dc348e4c11c\" data-id=\"69dc348e4c11c\" data-height=\"40\" data-height-mobile=\"20\" data-height-tab=\"\" data-height-tab-portrait=\"\" data-height-mobile-landscape=\"\" style=\"clear:both;display:block;\"><\/div><div class=\"w-iconbox iconpos_left style_outlined color_custom align_left no_text no_title\"><div class=\"w-iconbox-icon\" style=\"font-size:1.5rem;--icon-color:var(--color-content-bg);--icon-bg-color:var(--color-content-bg);\"><i class=\"fas fa-bus\"><\/i><\/div><div class=\"w-iconbox-meta\"><\/div><\/div><div class=\"ult-spacer spacer-69dc348e4c20c\" data-id=\"69dc348e4c20c\" data-height=\"40\" data-height-mobile=\"40\" data-height-tab=\"40\" data-height-tab-portrait=\"\" data-height-mobile-landscape=\"\" style=\"clear:both;display:block;\"><\/div><h2 class=\"w-text us_custom_d9b06946 has_text_color\"><span class=\"w-text-h\"><span class=\"w-text-value\">Wohnmobil-Stellpl\u00e4tze<\/span><\/span><\/h2><div class=\"wpb_text_column\"><div class=\"wpb_wrapper\"><p><strong>max 6 Personen<\/strong><\/p>\n<\/div><\/div><div class=\"ult-spacer spacer-69dc348e4c4c0\" data-id=\"69dc348e4c4c0\" data-height=\"20\" data-height-mobile=\"20\" data-height-tab=\"20\" data-height-tab-portrait=\"\" data-height-mobile-landscape=\"\" style=\"clear:both;display:block;\"><\/div><\/div><\/div><div class=\"wpb_column vc_column_container us_custom_5e69d828 has_bg_color\"><div class=\"vc_column-overlay\" style=\"background:linear-gradient(180deg,rgba(0,0,0,0),rgba(33,33,33,0.45))\"><\/div><div class=\"vc_column-inner\"><div class=\"ult-spacer spacer-69dc348e4c638\" data-id=\"69dc348e4c638\" data-height=\"0\" data-height-mobile=\"150\" data-height-tab=\"0\" data-height-tab-portrait=\"0\" data-height-mobile-landscape=\"150\" style=\"clear:both;display:block;\"><\/div><div class=\"w-btn-wrapper align_justify\"><a class=\"w-btn us-btn-style_4\" href=\"\/de\/preise-camping-costa-smeralda\/\"><span class=\"w-btn-label\">preisliste<\/span><\/a><\/div><div class=\"ult-spacer spacer-69dc348e4c7c1\" data-id=\"69dc348e4c7c1\" data-height=\"20\" data-height-mobile=\"20\" data-height-tab=\"20\" data-height-tab-portrait=\"\" data-height-mobile-landscape=\"\" style=\"clear:both;display:block;\"><\/div><div class=\"w-btn-wrapper align_justify\"><a class=\"w-btn us-btn-style_4\" href=\"\/de\/kontakt-camping-costa-smeralda\/#calcola-preventivo\"><span class=\"w-btn-label\">Angebot<\/span><\/a><\/div><div class=\"ult-spacer spacer-69dc348e4c872\" data-id=\"69dc348e4c872\" data-height=\"20\" data-height-mobile=\"20\" data-height-tab=\"20\" data-height-tab-portrait=\"\" data-height-mobile-landscape=\"\" style=\"clear:both;display:block;\"><\/div><\/div><\/div><\/div><\/div><\/section><section class=\"l-section wpb_row height_medium\"><div class=\"l-section-h i-cf\"><div class=\"g-cols vc_row via_grid cols_1 laptops-cols_inherit tablets-cols_inherit mobiles-cols_1 valign_top type_default stacking_default\"><div class=\"wpb_column vc_column_container\"><div class=\"vc_column-inner\"><div class=\"g-cols wpb_row us_custom_028bb4f0 via_grid cols_2-1 laptops-cols_inherit tablets-cols_inherit mobiles-cols_1 valign_bottom type_default reversed stacking_default\" style=\"--gap:3rem;\"><div class=\"wpb_column vc_column_container us_custom_41bddb3b has_bg_color\"><div class=\"vc_column-inner\"><div class=\"w-slider style_none fit_cover\"><div class=\"w-slider-h\"><div class=\"royalSlider\"><div class=\"rsContent\"><a class=\"rsImg\" data-rsw=\"863\" data-rsh=\"575\" href=\"https:\/\/campingcugnana.it\/wp-content\/uploads\/2024\/01\/camping-bungalow-cugnana-portorotondo-sardegna-italia-piazzole-02.jpeg\"><span data-alt=\"\"><\/span><\/a><\/div><div class=\"rsContent\"><a class=\"rsImg\" data-rsw=\"860\" data-rsh=\"571\" href=\"https:\/\/campingcugnana.it\/wp-content\/uploads\/2024\/01\/camping-bungalow-cugnana-portorotondo-sardegna-italia-piazzole-03.jpeg\"><span data-alt=\"\"><\/span><\/a><\/div><div class=\"rsContent\"><a class=\"rsImg\" data-rsw=\"857\" data-rsh=\"571\" href=\"https:\/\/campingcugnana.it\/wp-content\/uploads\/2024\/01\/camping-bungalow-cugnana-portorotondo-sardegna-italia-piazzole-04.jpeg\"><span data-alt=\"\"><\/span><\/a><\/div><div class=\"rsContent\"><a class=\"rsImg\" data-rsw=\"1024\" data-rsh=\"768\" href=\"https:\/\/campingcugnana.it\/wp-content\/uploads\/2024\/01\/camping-bungalow-cugnana-portorotondo-sardegna-italia-costa-smeralda-camping-piazzole-10.jpg\"><span data-alt=\"\"><\/span><\/a><\/div><div class=\"rsContent\"><a class=\"rsImg\" data-rsw=\"1024\" data-rsh=\"682\" href=\"https:\/\/campingcugnana.it\/wp-content\/uploads\/2024\/01\/camping-bungalow-cugnana-portorotondo-sardegna-italia-tenda-1024x682.jpg\"><span data-alt=\"\"><\/span><\/a><\/div><\/div><img decoding=\"async\" src=\"https:\/\/campingcugnana.it\/wp-content\/uploads\/2024\/01\/camping-bungalow-cugnana-portorotondo-sardegna-italia-piazzole-02.jpeg\" width=\"863\" height=\"575\" alt loading=\"lazy\"><\/div><div class=\"w-slider-json\" onclick='return {&quot;autoScaleSlider&quot;:true,&quot;loop&quot;:true,&quot;fadeInLoadedSlide&quot;:false,&quot;slidesSpacing&quot;:0,&quot;imageScalePadding&quot;:0,&quot;numImagesToPreload&quot;:2,&quot;arrowsNav&quot;:true,&quot;arrowsNavAutoHide&quot;:true,&quot;transitionType&quot;:&quot;move&quot;,&quot;transitionSpeed&quot;:250,&quot;block&quot;:{&quot;moveEffect&quot;:&quot;none&quot;,&quot;speed&quot;:300},&quot;thumbs&quot;:{&quot;fitInViewport&quot;:false},&quot;controlNavigation&quot;:&quot;bullets&quot;,&quot;imageScaleMode&quot;:&quot;fill&quot;,&quot;autoScaleSliderWidth&quot;:863,&quot;autoScaleSliderHeight&quot;:575}'><\/div><\/div><\/div><\/div><div class=\"wpb_column vc_column_container us_custom_41bddb3b has_bg_color\"><div class=\"vc_column-inner\"><div class=\"ult-spacer spacer-69dc348e4e46b\" data-id=\"69dc348e4e46b\" data-height=\"0\" data-height-mobile=\"20\" data-height-tab=\"\" data-height-tab-portrait=\"\" data-height-mobile-landscape=\"\" style=\"clear:both;display:block;\"><\/div><div class=\"w-iconbox iconpos_left style_outlined color_custom align_left no_text no_title\"><div class=\"w-iconbox-icon\" style=\"font-size:1.5rem;--icon-color:var(--color-header-middle-text-hover);--icon-bg-color:var(--color-header-middle-text-hover);\"><i class=\"fas fa-campground\"><\/i><\/div><div class=\"w-iconbox-meta\"><\/div><\/div><div class=\"ult-spacer spacer-69dc348e4e561\" data-id=\"69dc348e4e561\" data-height=\"40\" data-height-mobile=\"40\" data-height-tab=\"40\" data-height-tab-portrait=\"\" data-height-mobile-landscape=\"\" style=\"clear:both;display:block;\"><\/div><h2 class=\"w-text us_custom_7330bf0a has_text_color\"><span class=\"w-text-h\"><span class=\"w-text-value\">Unsere Stellpl\u00e4tze<\/span><\/span><\/h2><div class=\"ult-spacer spacer-69dc348e4e614\" data-id=\"69dc348e4e614\" data-height=\"10\" data-height-mobile=\"10\" data-height-tab=\"10\" data-height-tab-portrait=\"\" data-height-mobile-landscape=\"\" style=\"clear:both;display:block;\"><\/div><div class=\"wpb_text_column\"><div class=\"wpb_wrapper\"><p>Unsere Campingplatz und \u0093schattierte und komfortabel, mit Licht und Verbindungen der drei Gruppen B\u00e4der aus allen Teilen des Lagers zu erreichen ausgestattet.<\/p>\n<\/div><\/div><div class=\"ult-spacer spacer-69dc348e4e870\" data-id=\"69dc348e4e870\" data-height=\"20\" data-height-mobile=\"20\" data-height-tab=\"20\" data-height-tab-portrait=\"\" data-height-mobile-landscape=\"\" style=\"clear:both;display:block;\"><\/div><div class=\"w-btn-wrapper align_none\"><a class=\"w-btn us-btn-style_1\" href=\"\/de\/kontakt-camping-costa-smeralda\/#calcola-preventivo\"><span class=\"w-btn-label\">Angebot berechnen<\/span><\/a><\/div><div class=\"ult-spacer spacer-69dc348e4e93c\" data-id=\"69dc348e4e93c\" data-height=\"40\" data-height-mobile=\"20\" data-height-tab=\"\" data-height-tab-portrait=\"\" data-height-mobile-landscape=\"\" style=\"clear:both;display:block;\"><\/div><\/div><\/div><\/div><div class=\"ult-spacer spacer-69dc348e4e972\" data-id=\"69dc348e4e972\" data-height=\"40\" data-height-mobile=\"20\" data-height-tab=\"20\" data-height-tab-portrait=\"20\" data-height-mobile-landscape=\"20\" style=\"clear:both;display:block;\"><\/div><\/div><\/div><\/div><\/div><\/section>\n","protected":false},"excerpt":{"rendered":"Stellpl\u00e4tzean der Costa SmeraldaStellpl\u00e4tze f\u00fcr Zeltemax 6 Personen Stellpl\u00e4tze Wohnwagenmax 4 Personen Wohnmobil-Stellpl\u00e4tzemax 6 Personen preislisteAngebotUnsere Stellpl\u00e4tzeUnsere Campingplatz und \u0093schattierte und komfortabel, mit Licht und Verbindungen der drei Gruppen B\u00e4der aus allen Teilen des Lagers zu erreichen ausgestattet. Angebot berechnen","protected":false},"author":1,"featured_media":0,"parent":0,"menu_order":0,"comment_status":"closed","ping_status":"closed","template":"","meta":{"footnotes":""},"yoast_head":"<!-- This site is optimized with the Yoast SEO plugin v21.5 - https:\/\/yoast.com\/wordpress\/plugins\/seo\/ -->\n<title>Camping Cugnana Portorotondo | Stellpl\u00e4tze an der Costa Smeralda<\/title>\n<meta name=\"description\" content=\"Der Campingplatz Cugnana Portorotondo bietet Stellpl\u00e4tze f\u00fcr Zelte, Wohnwagen und Wohnmobile. Der Campingplatz ist schattig und komfortabel, mit Stromanschl\u00fcssen und drei Sanit\u00e4rgruppen ausgestattet\" \/>\n<meta name=\"robots\" content=\"index, follow, max-snippet:-1, max-image-preview:large, max-video-preview:-1\" \/>\n<link rel=\"canonical\" href=\"https:\/\/campingcugnana.it\/de\/stellplatze-camping-costa-smeralda\/\" \/>\n<meta property=\"og:locale\" content=\"de_DE\" \/>\n<meta property=\"og:type\" content=\"article\" \/>\n<meta property=\"og:title\" content=\"Camping Cugnana Portorotondo | Stellpl\u00e4tze an der Costa Smeralda\" \/>\n<meta property=\"og:description\" content=\"Der Campingplatz Cugnana Portorotondo bietet Stellpl\u00e4tze f\u00fcr Zelte, Wohnwagen und Wohnmobile. Der Campingplatz ist schattig und komfortabel, mit Stromanschl\u00fcssen und drei Sanit\u00e4rgruppen ausgestattet\" \/>\n<meta property=\"og:url\" content=\"https:\/\/campingcugnana.it\/de\/stellplatze-camping-costa-smeralda\/\" \/>\n<meta property=\"og:site_name\" content=\"Camping Cugnana Portorotondo\" \/>\n<meta property=\"article:publisher\" content=\"https:\/\/www.facebook.com\/cugnanaportorotondo\" \/>\n<meta property=\"article:modified_time\" content=\"2024-02-06T12:49:22+00:00\" \/>\n<meta property=\"og:image\" content=\"https:\/\/campingcugnana.it\/wp-content\/uploads\/2023\/11\/camping-cugnana-portorotondo-sardegna-logo.png\" \/>\n\t<meta property=\"og:image:width\" content=\"300\" \/>\n\t<meta property=\"og:image:height\" content=\"145\" \/>\n\t<meta property=\"og:image:type\" content=\"image\/png\" \/>\n<meta name=\"twitter:card\" content=\"summary_large_image\" \/>\n<meta name=\"twitter:label1\" content=\"Gesch\u00e4tzte Lesezeit\" \/>\n\t<meta name=\"twitter:data1\" content=\"1\u00a0Minute\" \/>\n<script type=\"application\/ld+json\" class=\"yoast-schema-graph\">{\"@context\":\"https:\/\/schema.org\",\"@graph\":[{\"@type\":\"WebPage\",\"@id\":\"https:\/\/campingcugnana.it\/de\/stellplatze-camping-costa-smeralda\/\",\"url\":\"https:\/\/campingcugnana.it\/de\/stellplatze-camping-costa-smeralda\/\",\"name\":\"Camping Cugnana Portorotondo | Stellpl\u00e4tze an der Costa Smeralda\",\"isPartOf\":{\"@id\":\"https:\/\/campingcugnana.it\/de\/#website\"},\"datePublished\":\"2024-01-25T13:06:16+00:00\",\"dateModified\":\"2024-02-06T12:49:22+00:00\",\"description\":\"Der Campingplatz Cugnana Portorotondo bietet Stellpl\u00e4tze f\u00fcr Zelte, Wohnwagen und Wohnmobile. Der Campingplatz ist schattig und komfortabel, mit Stromanschl\u00fcssen und drei Sanit\u00e4rgruppen ausgestattet\",\"breadcrumb\":{\"@id\":\"https:\/\/campingcugnana.it\/de\/stellplatze-camping-costa-smeralda\/#breadcrumb\"},\"inLanguage\":\"de\",\"potentialAction\":[{\"@type\":\"ReadAction\",\"target\":[\"https:\/\/campingcugnana.it\/de\/stellplatze-camping-costa-smeralda\/\"]}]},{\"@type\":\"BreadcrumbList\",\"@id\":\"https:\/\/campingcugnana.it\/de\/stellplatze-camping-costa-smeralda\/#breadcrumb\",\"itemListElement\":[{\"@type\":\"ListItem\",\"position\":1,\"name\":\"Home\",\"item\":\"https:\/\/campingcugnana.it\/de\/\"},{\"@type\":\"ListItem\",\"position\":2,\"name\":\"Stellpl\u00e4tze\"}]},{\"@type\":\"WebSite\",\"@id\":\"https:\/\/campingcugnana.it\/de\/#website\",\"url\":\"https:\/\/campingcugnana.it\/de\/\",\"name\":\"Camping Cugnana Portorotondo\",\"description\":\"Camping Cugnana Portorotondo, Camping e Bungalows in Costa Smeralda Sardegna Italy\",\"publisher\":{\"@id\":\"https:\/\/campingcugnana.it\/de\/#organization\"},\"alternateName\":\"Camping e Bungalows in Costa Smeralda\",\"potentialAction\":[{\"@type\":\"SearchAction\",\"target\":{\"@type\":\"EntryPoint\",\"urlTemplate\":\"https:\/\/campingcugnana.it\/de\/?s={search_term_string}\"},\"query-input\":\"required name=search_term_string\"}],\"inLanguage\":\"de\"},{\"@type\":\"Organization\",\"@id\":\"https:\/\/campingcugnana.it\/de\/#organization\",\"name\":\"Camping Cugnana Portorotondo\",\"alternateName\":\"Camping e Bungalows in Costa Smeralda\",\"url\":\"https:\/\/campingcugnana.it\/de\/\",\"logo\":{\"@type\":\"ImageObject\",\"inLanguage\":\"de\",\"@id\":\"https:\/\/campingcugnana.it\/de\/#\/schema\/logo\/image\/\",\"url\":\"https:\/\/campingcugnana.it\/wp-content\/uploads\/2023\/11\/camping-cugnana-portorotondo-sardegna-logo.png\",\"contentUrl\":\"https:\/\/campingcugnana.it\/wp-content\/uploads\/2023\/11\/camping-cugnana-portorotondo-sardegna-logo.png\",\"width\":300,\"height\":145,\"caption\":\"Camping Cugnana Portorotondo\"},\"image\":{\"@id\":\"https:\/\/campingcugnana.it\/de\/#\/schema\/logo\/image\/\"},\"sameAs\":[\"https:\/\/www.facebook.com\/cugnanaportorotondo\",\"https:\/\/www.instagram.com\/cugnanaportorotondo\/\"]}]}<\/script>\n<!-- \/ Yoast SEO plugin. -->","yoast_head_json":{"title":"Camping Cugnana Portorotondo | Stellpl\u00e4tze an der Costa Smeralda","description":"Der Campingplatz Cugnana Portorotondo bietet Stellpl\u00e4tze f\u00fcr Zelte, Wohnwagen und Wohnmobile. Der Campingplatz ist schattig und komfortabel, mit Stromanschl\u00fcssen und drei Sanit\u00e4rgruppen ausgestattet","robots":{"index":"index","follow":"follow","max-snippet":"max-snippet:-1","max-image-preview":"max-image-preview:large","max-video-preview":"max-video-preview:-1"},"canonical":"https:\/\/campingcugnana.it\/de\/stellplatze-camping-costa-smeralda\/","og_locale":"de_DE","og_type":"article","og_title":"Camping Cugnana Portorotondo | Stellpl\u00e4tze an der Costa Smeralda","og_description":"Der Campingplatz Cugnana Portorotondo bietet Stellpl\u00e4tze f\u00fcr Zelte, Wohnwagen und Wohnmobile. Der Campingplatz ist schattig und komfortabel, mit Stromanschl\u00fcssen und drei Sanit\u00e4rgruppen ausgestattet","og_url":"https:\/\/campingcugnana.it\/de\/stellplatze-camping-costa-smeralda\/","og_site_name":"Camping Cugnana Portorotondo","article_publisher":"https:\/\/www.facebook.com\/cugnanaportorotondo","article_modified_time":"2024-02-06T12:49:22+00:00","og_image":[{"width":300,"height":145,"url":"https:\/\/campingcugnana.it\/wp-content\/uploads\/2023\/11\/camping-cugnana-portorotondo-sardegna-logo.png","type":"image\/png"}],"twitter_card":"summary_large_image","twitter_misc":{"Gesch\u00e4tzte Lesezeit":"1\u00a0Minute"},"schema":{"@context":"https:\/\/schema.org","@graph":[{"@type":"WebPage","@id":"https:\/\/campingcugnana.it\/de\/stellplatze-camping-costa-smeralda\/","url":"https:\/\/campingcugnana.it\/de\/stellplatze-camping-costa-smeralda\/","name":"Camping Cugnana Portorotondo | Stellpl\u00e4tze an der Costa Smeralda","isPartOf":{"@id":"https:\/\/campingcugnana.it\/de\/#website"},"datePublished":"2024-01-25T13:06:16+00:00","dateModified":"2024-02-06T12:49:22+00:00","description":"Der Campingplatz Cugnana Portorotondo bietet Stellpl\u00e4tze f\u00fcr Zelte, Wohnwagen und Wohnmobile. Der Campingplatz ist schattig und komfortabel, mit Stromanschl\u00fcssen und drei Sanit\u00e4rgruppen ausgestattet","breadcrumb":{"@id":"https:\/\/campingcugnana.it\/de\/stellplatze-camping-costa-smeralda\/#breadcrumb"},"inLanguage":"de","potentialAction":[{"@type":"ReadAction","target":["https:\/\/campingcugnana.it\/de\/stellplatze-camping-costa-smeralda\/"]}]},{"@type":"BreadcrumbList","@id":"https:\/\/campingcugnana.it\/de\/stellplatze-camping-costa-smeralda\/#breadcrumb","itemListElement":[{"@type":"ListItem","position":1,"name":"Home","item":"https:\/\/campingcugnana.it\/de\/"},{"@type":"ListItem","position":2,"name":"Stellpl\u00e4tze"}]},{"@type":"WebSite","@id":"https:\/\/campingcugnana.it\/de\/#website","url":"https:\/\/campingcugnana.it\/de\/","name":"Camping Cugnana Portorotondo","description":"Camping Cugnana Portorotondo, Camping e Bungalows in Costa Smeralda Sardegna Italy","publisher":{"@id":"https:\/\/campingcugnana.it\/de\/#organization"},"alternateName":"Camping e Bungalows in Costa Smeralda","potentialAction":[{"@type":"SearchAction","target":{"@type":"EntryPoint","urlTemplate":"https:\/\/campingcugnana.it\/de\/?s={search_term_string}"},"query-input":"required name=search_term_string"}],"inLanguage":"de"},{"@type":"Organization","@id":"https:\/\/campingcugnana.it\/de\/#organization","name":"Camping Cugnana Portorotondo","alternateName":"Camping e Bungalows in Costa Smeralda","url":"https:\/\/campingcugnana.it\/de\/","logo":{"@type":"ImageObject","inLanguage":"de","@id":"https:\/\/campingcugnana.it\/de\/#\/schema\/logo\/image\/","url":"https:\/\/campingcugnana.it\/wp-content\/uploads\/2023\/11\/camping-cugnana-portorotondo-sardegna-logo.png","contentUrl":"https:\/\/campingcugnana.it\/wp-content\/uploads\/2023\/11\/camping-cugnana-portorotondo-sardegna-logo.png","width":300,"height":145,"caption":"Camping Cugnana Portorotondo"},"image":{"@id":"https:\/\/campingcugnana.it\/de\/#\/schema\/logo\/image\/"},"sameAs":["https:\/\/www.facebook.com\/cugnanaportorotondo","https:\/\/www.instagram.com\/cugnanaportorotondo\/"]}]}},"_links":{"self":[{"href":"https:\/\/campingcugnana.it\/de\/wp-json\/wp\/v2\/pages\/1784"}],"collection":[{"href":"https:\/\/campingcugnana.it\/de\/wp-json\/wp\/v2\/pages"}],"about":[{"href":"https:\/\/campingcugnana.it\/de\/wp-json\/wp\/v2\/types\/page"}],"author":[{"embeddable":true,"href":"https:\/\/campingcugnana.it\/de\/wp-json\/wp\/v2\/users\/1"}],"replies":[{"embeddable":true,"href":"https:\/\/campingcugnana.it\/de\/wp-json\/wp\/v2\/comments?post=1784"}],"version-history":[{"count":5,"href":"https:\/\/campingcugnana.it\/de\/wp-json\/wp\/v2\/pages\/1784\/revisions"}],"predecessor-version":[{"id":1820,"href":"https:\/\/campingcugnana.it\/de\/wp-json\/wp\/v2\/pages\/1784\/revisions\/1820"}],"wp:attachment":[{"href":"https:\/\/campingcugnana.it\/de\/wp-json\/wp\/v2\/media?parent=1784"}],"curies":[{"name":"wp","href":"https:\/\/api.w.org\/{rel}","templated":true}]}}