{"id":1702,"date":"2024-01-25T10:16:48","date_gmt":"2024-01-25T09:16:48","guid":{"rendered":"http:\/\/campingcugnana.it\/conditions-generales-de-location-et-normes-de-rservation\/"},"modified":"2026-02-25T09:11:09","modified_gmt":"2026-02-25T08:11:09","slug":"conditions-generales-de-location-et-normes-de-rservation","status":"publish","type":"page","link":"https:\/\/campingcugnana.it\/fr\/conditions-generales-de-location-et-normes-de-rservation\/","title":{"rendered":"Conditions generales de location et normes de reservation"},"content":{"rendered":"<section class=\"l-section wpb_row us_custom_ba4a9a8e has_text_color height_medium with_shape\"><div class=\"l-section-shape type_curve pos_bottom\" style=\"height:12vmin;\"><svg xmlns=\"http:\/\/www.w3.org\/2000\/svg\" viewBox=\"0 0 64 8\" preserveAspectRatio=\"none\" width=\"100%\" height=\"100%\">\r\n\t<path fill=\"currentColor\" d=\"M64 8 L64 0 Q32 15.8 0 0 L0 8 Z\"\/>\r\n<\/svg><\/div><div class=\"l-section-h i-cf\"><div class=\"g-cols vc_row via_grid cols_1 laptops-cols_inherit tablets-cols_inherit mobiles-cols_1 valign_top type_default stacking_default\"><div class=\"wpb_column vc_column_container\"><div class=\"vc_column-inner\"><div class=\"wpb_text_column us_custom_7cdf484d\"><div class=\"wpb_wrapper\"><h1><strong>Conditions generales de location et normes de reservation<\/strong><\/h1>\n<\/div><\/div><div class=\"wpb_text_column us_custom_26f73324\"><div class=\"wpb_wrapper\"><h2>Camping Bungalows Cugnana Portorotondo<\/h2>\n<\/div><\/div><\/div><\/div><\/div><\/div><\/section><section class=\"l-section wpb_row height_medium\"><div class=\"l-section-h i-cf\"><div class=\"g-cols vc_row via_grid cols_1 laptops-cols_inherit tablets-cols_inherit mobiles-cols_1 valign_top type_default stacking_default\"><div class=\"wpb_column vc_column_container\"><div class=\"vc_column-inner\"><div class=\"wpb_text_column\"><div class=\"wpb_wrapper\"><p><strong>1) RESERVATIONS ET PAIEMENTS<\/strong><br \/>Les r\u00e9servations doivent \u00e9tre dans le notre site internet.<\/p>\n<p><strong>2) ANNULATION<\/strong><\/p>\n<p id=\"tw-target-text\" class=\"tw-data-text tw-text-large tw-ta\" dir=\"ltr\" data-placeholder=\"Traduzione\" data-ved=\"2ahUKEwiI-qrXpKeLAxVVgf0HHdfWF3oQ3ewLegQIBxAU\" aria-label=\"Testo tradotto: Remboursement \u00e0 100 % en cas d'annulation 7 jours avant l'arriv\u00e9e sur les r\u00e9servations par carte de cr\u00e9dit. Les remboursements par virement bancaire n\u00e9cessitent des frais de traitement. Le prix de r\u00e9servation en formule \u00ab\u00a0aucun remboursement\u00a0\u00bb n'est pas remboursable.\"><span class=\"Y2IQFc\" lang=\"fr\">Remboursement \u00e0 100 % en cas d&rsquo;annulation 7 jours avant l&rsquo;arriv\u00e9e sur les r\u00e9servations par carte de cr\u00e9dit. Les remboursements par virement bancaire n\u00e9cessitent des frais de traitement. Le prix de r\u00e9servation en formule \u00ab aucun remboursement \u00bb n&rsquo;est pas remboursable.\u00a0<\/span><\/p>\n<p><strong>3) DEPOT DE CAUTION<\/strong><br \/>Au moment de l\u2019arriv\u00e9e le client doit d\u00e9poser \u00e0 la consigne des clefs une cautionde 200,00 Euro pour la pi\u00e9ce. Ce chiffre sera rendu \u00e0 la fine du s\u00e9jour, apr\u00e8s avoir d\u00e9duit \u00e9ventuels dommages caus\u00e9s \u00e0 la pi\u00e9ce ou \u00e0 ses \u00e9quipements.<\/p>\n<p><strong>4) RENONCES<\/strong><br \/>Les clients qui renonceront \u00e0 son s\u00e9jour apr\u00e8s le commencement de le meme n\u2019auront pas doit \u00e0 aucun remboursement et sera du, dans tout cas, le montant du s\u00e9jour.<\/p>\n<p><strong>5) NUMERO DE PERSONNES<\/strong><br \/>Il n\u2019est pas accept\u00e9 la substitution au l\u2019augmentation des personnes pendant les s\u00e9jour sauf autorisation \u00e9crite par la propriet\u00e9.<\/p>\n<p><strong>6) ASSIGNATIONS<\/strong><br \/>La propriet\u00e9 se r\u00e9serve, selon propre jugement, de assign\u00e9 les logements et les places.<br \/>Aucun changement sera possible sans autorisation.<\/p>\n<p><strong>7) NETTOYAGE ET DOTATIONS<\/strong><br \/>Bungalows will be given in order and cleaned. Customers will leave them in the same order and state so that they can be prepared for the next customers. Besides the equipment of the bungalow you will be given weekly cleaned bed-sheets. Bath towels can be booked at reservation,bath towels renewals request comes at Euro 10.00 for each set.<\/p>\n<p><strong>8) ARRIVEES ET DEPARTS:<\/strong><br \/>S\u00e8jour dans le bungalows: la p\u00e9riode de s\u00e8jour commence \u00e0 17,00heures de la date d\u2019arriv\u00e9e et termine \u00e0 10,00 heures da jour de d\u00e9part .<br \/>S\u00e9jour camping: la p\u00e9riode de s\u00e9jour commence chaque heure de la date d\u2019arriv\u00e9e et termine \u00e0 12,00 heure du jour de d\u00e9part.<\/p>\n<p><strong>9) AUCUN ARRIVEE<\/strong><br \/>Le logement est tenu \u00e0 disposition jusqu\u2019au le jour suivant le d\u00e9but du s\u00e9jour. Variations des dates d\u2019arriv\u00e9es er de d\u00e9part doivent etre communiqu\u00e9es en avance, de facon qu\u2019on puisse, si possible, le confirmer.<\/p>\n<p><strong>10) S\u00c9JOUR MINIMUM<\/strong><br \/>Les loyers des bungalows peuvent n\u00e9cessiter un s\u00e9jour minimum.<\/p>\n<p><strong>11)AMIS A 4 PATTES<\/strong><br \/>Vos amis a 4 pattes sont bienvenus sans payer de suppl\u00e9ment. Pour raison de s\u00e9curit\u00e9, nous nous r\u00e9servons le droit d\u2019\u00e9valuer l\u2019acceptation de certaines races telles que: pitbull-rottweiler-dobermann-chen lup.<\/p>\n<p><strong>ON ACCEPTE CARTE DE CREDIT (PAS AMERICAN EXPRESS ET DINERS).<\/strong><\/p>\n<\/div><\/div><\/div><\/div><\/div><\/div><\/section>\n","protected":false},"excerpt":{"rendered":"Conditions generales de location et normes de reservation Camping Bungalows Cugnana Portorotondo 1) RESERVATIONS ET PAIEMENTSLes r\u00e9servations doivent \u00e9tre dans le notre site internet. 2) ANNULATION Remboursement \u00e0 100 % en cas d&rsquo;annulation 7 jours avant l&rsquo;arriv\u00e9e sur les r\u00e9servations par carte de cr\u00e9dit. Les remboursements par virement bancaire n\u00e9cessitent des frais de traitement. Le...","protected":false},"author":1,"featured_media":0,"parent":0,"menu_order":0,"comment_status":"closed","ping_status":"closed","template":"","meta":{"footnotes":""},"yoast_head":"<!-- This site is optimized with the Yoast SEO plugin v21.5 - https:\/\/yoast.com\/wordpress\/plugins\/seo\/ -->\n<title>Camping Cugnana Portorotondo | Conditions generales de location et normes de reservation<\/title>\n<meta name=\"robots\" content=\"index, follow, max-snippet:-1, max-image-preview:large, max-video-preview:-1\" \/>\n<link rel=\"canonical\" href=\"https:\/\/campingcugnana.it\/fr\/conditions-generales-de-location-et-normes-de-rservation\/\" \/>\n<meta property=\"og:locale\" content=\"fr_FR\" \/>\n<meta property=\"og:type\" content=\"article\" \/>\n<meta property=\"og:title\" content=\"Camping Cugnana Portorotondo | Conditions generales de location et normes de reservation\" \/>\n<meta property=\"og:url\" content=\"https:\/\/campingcugnana.it\/fr\/conditions-generales-de-location-et-normes-de-rservation\/\" \/>\n<meta property=\"og:site_name\" content=\"Camping Cugnana Portorotondo\" \/>\n<meta property=\"article:publisher\" content=\"https:\/\/www.facebook.com\/cugnanaportorotondo\" \/>\n<meta property=\"article:modified_time\" content=\"2026-02-25T08:11:09+00:00\" \/>\n<meta property=\"og:image\" content=\"https:\/\/campingcugnana.it\/wp-content\/uploads\/2023\/11\/camping-cugnana-portorotondo-sardegna-logo.png\" \/>\n\t<meta property=\"og:image:width\" content=\"300\" \/>\n\t<meta property=\"og:image:height\" content=\"145\" \/>\n\t<meta property=\"og:image:type\" content=\"image\/png\" \/>\n<meta name=\"twitter:card\" content=\"summary_large_image\" \/>\n<meta name=\"twitter:label1\" content=\"Dur\u00e9e de lecture estim\u00e9e\" \/>\n\t<meta name=\"twitter:data1\" content=\"3 minutes\" \/>\n<script type=\"application\/ld+json\" class=\"yoast-schema-graph\">{\"@context\":\"https:\/\/schema.org\",\"@graph\":[{\"@type\":\"WebPage\",\"@id\":\"https:\/\/campingcugnana.it\/fr\/conditions-generales-de-location-et-normes-de-rservation\/\",\"url\":\"https:\/\/campingcugnana.it\/fr\/conditions-generales-de-location-et-normes-de-rservation\/\",\"name\":\"Camping Cugnana Portorotondo | Conditions generales de location et normes de reservation\",\"isPartOf\":{\"@id\":\"https:\/\/campingcugnana.it\/fr\/#website\"},\"datePublished\":\"2024-01-25T09:16:48+00:00\",\"dateModified\":\"2026-02-25T08:11:09+00:00\",\"breadcrumb\":{\"@id\":\"https:\/\/campingcugnana.it\/fr\/conditions-generales-de-location-et-normes-de-rservation\/#breadcrumb\"},\"inLanguage\":\"fr-FR\",\"potentialAction\":[{\"@type\":\"ReadAction\",\"target\":[\"https:\/\/campingcugnana.it\/fr\/conditions-generales-de-location-et-normes-de-rservation\/\"]}]},{\"@type\":\"BreadcrumbList\",\"@id\":\"https:\/\/campingcugnana.it\/fr\/conditions-generales-de-location-et-normes-de-rservation\/#breadcrumb\",\"itemListElement\":[{\"@type\":\"ListItem\",\"position\":1,\"name\":\"Home\",\"item\":\"https:\/\/campingcugnana.it\/fr\/\"},{\"@type\":\"ListItem\",\"position\":2,\"name\":\"Conditions generales de location et normes de reservation\"}]},{\"@type\":\"WebSite\",\"@id\":\"https:\/\/campingcugnana.it\/fr\/#website\",\"url\":\"https:\/\/campingcugnana.it\/fr\/\",\"name\":\"Camping Cugnana Portorotondo\",\"description\":\"Camping Cugnana Portorotondo, Camping e Bungalows in Costa Smeralda Sardegna Italy\",\"publisher\":{\"@id\":\"https:\/\/campingcugnana.it\/fr\/#organization\"},\"alternateName\":\"Camping e Bungalows in Costa Smeralda\",\"potentialAction\":[{\"@type\":\"SearchAction\",\"target\":{\"@type\":\"EntryPoint\",\"urlTemplate\":\"https:\/\/campingcugnana.it\/fr\/?s={search_term_string}\"},\"query-input\":\"required name=search_term_string\"}],\"inLanguage\":\"fr-FR\"},{\"@type\":\"Organization\",\"@id\":\"https:\/\/campingcugnana.it\/fr\/#organization\",\"name\":\"Camping Cugnana Portorotondo\",\"alternateName\":\"Camping e Bungalows in Costa Smeralda\",\"url\":\"https:\/\/campingcugnana.it\/fr\/\",\"logo\":{\"@type\":\"ImageObject\",\"inLanguage\":\"fr-FR\",\"@id\":\"https:\/\/campingcugnana.it\/fr\/#\/schema\/logo\/image\/\",\"url\":\"https:\/\/campingcugnana.it\/wp-content\/uploads\/2023\/11\/camping-cugnana-portorotondo-sardegna-logo.png\",\"contentUrl\":\"https:\/\/campingcugnana.it\/wp-content\/uploads\/2023\/11\/camping-cugnana-portorotondo-sardegna-logo.png\",\"width\":300,\"height\":145,\"caption\":\"Camping Cugnana Portorotondo\"},\"image\":{\"@id\":\"https:\/\/campingcugnana.it\/fr\/#\/schema\/logo\/image\/\"},\"sameAs\":[\"https:\/\/www.facebook.com\/cugnanaportorotondo\",\"https:\/\/www.instagram.com\/cugnanaportorotondo\/\"]}]}<\/script>\n<!-- \/ Yoast SEO plugin. -->","yoast_head_json":{"title":"Camping Cugnana Portorotondo | Conditions generales de location et normes de reservation","robots":{"index":"index","follow":"follow","max-snippet":"max-snippet:-1","max-image-preview":"max-image-preview:large","max-video-preview":"max-video-preview:-1"},"canonical":"https:\/\/campingcugnana.it\/fr\/conditions-generales-de-location-et-normes-de-rservation\/","og_locale":"fr_FR","og_type":"article","og_title":"Camping Cugnana Portorotondo | Conditions generales de location et normes de reservation","og_url":"https:\/\/campingcugnana.it\/fr\/conditions-generales-de-location-et-normes-de-rservation\/","og_site_name":"Camping Cugnana Portorotondo","article_publisher":"https:\/\/www.facebook.com\/cugnanaportorotondo","article_modified_time":"2026-02-25T08:11:09+00:00","og_image":[{"width":300,"height":145,"url":"https:\/\/campingcugnana.it\/wp-content\/uploads\/2023\/11\/camping-cugnana-portorotondo-sardegna-logo.png","type":"image\/png"}],"twitter_card":"summary_large_image","twitter_misc":{"Dur\u00e9e de lecture estim\u00e9e":"3 minutes"},"schema":{"@context":"https:\/\/schema.org","@graph":[{"@type":"WebPage","@id":"https:\/\/campingcugnana.it\/fr\/conditions-generales-de-location-et-normes-de-rservation\/","url":"https:\/\/campingcugnana.it\/fr\/conditions-generales-de-location-et-normes-de-rservation\/","name":"Camping Cugnana Portorotondo | Conditions generales de location et normes de reservation","isPartOf":{"@id":"https:\/\/campingcugnana.it\/fr\/#website"},"datePublished":"2024-01-25T09:16:48+00:00","dateModified":"2026-02-25T08:11:09+00:00","breadcrumb":{"@id":"https:\/\/campingcugnana.it\/fr\/conditions-generales-de-location-et-normes-de-rservation\/#breadcrumb"},"inLanguage":"fr-FR","potentialAction":[{"@type":"ReadAction","target":["https:\/\/campingcugnana.it\/fr\/conditions-generales-de-location-et-normes-de-rservation\/"]}]},{"@type":"BreadcrumbList","@id":"https:\/\/campingcugnana.it\/fr\/conditions-generales-de-location-et-normes-de-rservation\/#breadcrumb","itemListElement":[{"@type":"ListItem","position":1,"name":"Home","item":"https:\/\/campingcugnana.it\/fr\/"},{"@type":"ListItem","position":2,"name":"Conditions generales de location et normes de reservation"}]},{"@type":"WebSite","@id":"https:\/\/campingcugnana.it\/fr\/#website","url":"https:\/\/campingcugnana.it\/fr\/","name":"Camping Cugnana Portorotondo","description":"Camping Cugnana Portorotondo, Camping e Bungalows in Costa Smeralda Sardegna Italy","publisher":{"@id":"https:\/\/campingcugnana.it\/fr\/#organization"},"alternateName":"Camping e Bungalows in Costa Smeralda","potentialAction":[{"@type":"SearchAction","target":{"@type":"EntryPoint","urlTemplate":"https:\/\/campingcugnana.it\/fr\/?s={search_term_string}"},"query-input":"required name=search_term_string"}],"inLanguage":"fr-FR"},{"@type":"Organization","@id":"https:\/\/campingcugnana.it\/fr\/#organization","name":"Camping Cugnana Portorotondo","alternateName":"Camping e Bungalows in Costa Smeralda","url":"https:\/\/campingcugnana.it\/fr\/","logo":{"@type":"ImageObject","inLanguage":"fr-FR","@id":"https:\/\/campingcugnana.it\/fr\/#\/schema\/logo\/image\/","url":"https:\/\/campingcugnana.it\/wp-content\/uploads\/2023\/11\/camping-cugnana-portorotondo-sardegna-logo.png","contentUrl":"https:\/\/campingcugnana.it\/wp-content\/uploads\/2023\/11\/camping-cugnana-portorotondo-sardegna-logo.png","width":300,"height":145,"caption":"Camping Cugnana Portorotondo"},"image":{"@id":"https:\/\/campingcugnana.it\/fr\/#\/schema\/logo\/image\/"},"sameAs":["https:\/\/www.facebook.com\/cugnanaportorotondo","https:\/\/www.instagram.com\/cugnanaportorotondo\/"]}]}},"_links":{"self":[{"href":"https:\/\/campingcugnana.it\/fr\/wp-json\/wp\/v2\/pages\/1702"}],"collection":[{"href":"https:\/\/campingcugnana.it\/fr\/wp-json\/wp\/v2\/pages"}],"about":[{"href":"https:\/\/campingcugnana.it\/fr\/wp-json\/wp\/v2\/types\/page"}],"author":[{"embeddable":true,"href":"https:\/\/campingcugnana.it\/fr\/wp-json\/wp\/v2\/users\/1"}],"replies":[{"embeddable":true,"href":"https:\/\/campingcugnana.it\/fr\/wp-json\/wp\/v2\/comments?post=1702"}],"version-history":[{"count":9,"href":"https:\/\/campingcugnana.it\/fr\/wp-json\/wp\/v2\/pages\/1702\/revisions"}],"predecessor-version":[{"id":2299,"href":"https:\/\/campingcugnana.it\/fr\/wp-json\/wp\/v2\/pages\/1702\/revisions\/2299"}],"wp:attachment":[{"href":"https:\/\/campingcugnana.it\/fr\/wp-json\/wp\/v2\/media?parent=1702"}],"curies":[{"name":"wp","href":"https:\/\/api.w.org\/{rel}","templated":true}]}}